{"id":23,"date":"2018-04-17T13:52:28","date_gmt":"2018-04-17T10:52:28","guid":{"rendered":"http:\/\/kohma.aaltosoft.fi\/?page_id=23"},"modified":"2025-11-07T09:01:43","modified_gmt":"2025-11-07T07:01:43","slug":"yritys","status":"publish","type":"page","link":"https:\/\/kohmansalonmetsakuljetus.fi\/en\/yritys\/","title":{"rendered":"Yritys"},"content":{"rendered":"<div data-elementor-type=\"wp-post\" data-elementor-id=\"23\" class=\"elementor elementor-23\">\n\t\t\t\t\t\t<section class=\"elementor-section elementor-top-section elementor-element elementor-element-cffcadb elementor-section-height-min-height elementor-section-full_width elementor-section-height-default elementor-section-items-middle\" data-id=\"cffcadb\" data-element_type=\"section\" data-settings=\"{&quot;background_background&quot;:&quot;classic&quot;}\">\n\t\t\t\t\t\t\t<div class=\"elementor-background-overlay\"><\/div>\n\t\t\t\t\t\t\t<div class=\"elementor-container elementor-column-gap-default\">\n\t\t\t\t\t<div class=\"elementor-column elementor-col-100 elementor-top-column elementor-element elementor-element-1abff92\" data-id=\"1abff92\" data-element_type=\"column\">\n\t\t\t<div class=\"elementor-widget-wrap\">\n\t\t\t\t\t\t\t<\/div>\n\t\t<\/div>\n\t\t\t\t\t<\/div>\n\t\t<\/section>\n\t\t\t\t<section class=\"elementor-section elementor-top-section elementor-element elementor-element-9024dc4 elementor-section-boxed elementor-section-height-default elementor-section-height-default\" data-id=\"9024dc4\" data-element_type=\"section\" data-settings=\"{&quot;background_background&quot;:&quot;classic&quot;}\">\n\t\t\t\t\t\t<div class=\"elementor-container elementor-column-gap-no\">\n\t\t\t\t\t<div class=\"elementor-column elementor-col-100 elementor-top-column elementor-element elementor-element-4432a32\" data-id=\"4432a32\" data-element_type=\"column\">\n\t\t\t<div class=\"elementor-widget-wrap elementor-element-populated\">\n\t\t\t\t\t\t<section class=\"elementor-section elementor-inner-section elementor-element elementor-element-94dc5e8 elementor-section-content-middle elementor-section-boxed elementor-section-height-default elementor-section-height-default\" data-id=\"94dc5e8\" data-element_type=\"section\">\n\t\t\t\t\t\t<div class=\"elementor-container elementor-column-gap-no\">\n\t\t\t\t\t<div class=\"elementor-column elementor-col-50 elementor-inner-column elementor-element elementor-element-bdbcc0d\" data-id=\"bdbcc0d\" data-element_type=\"column\" data-settings=\"{&quot;background_background&quot;:&quot;classic&quot;}\">\n\t\t\t<div class=\"elementor-widget-wrap elementor-element-populated\">\n\t\t\t\t\t\t<div class=\"elementor-element elementor-element-afeebd0 elementor-widget elementor-widget-heading\" data-id=\"afeebd0\" data-element_type=\"widget\" data-widget_type=\"heading.default\">\n\t\t\t\t<div class=\"elementor-widget-container\">\n\t\t\t\t\t<h3 class=\"elementor-heading-title elementor-size-large\">Info about the Company<\/h3>\t\t\t\t<\/div>\n\t\t\t\t<\/div>\n\t\t\t\t<div class=\"elementor-element elementor-element-711774c elementor-widget-divider--view-line elementor-widget elementor-widget-divider\" data-id=\"711774c\" data-element_type=\"widget\" data-widget_type=\"divider.default\">\n\t\t\t\t<div class=\"elementor-widget-container\">\n\t\t\t\t\t\t\t<div class=\"elementor-divider\">\n\t\t\t<span class=\"elementor-divider-separator\">\n\t\t\t\t\t\t<\/span>\n\t\t<\/div>\n\t\t\t\t\t\t<\/div>\n\t\t\t\t<\/div>\n\t\t\t\t<div class=\"elementor-element elementor-element-4a77152 elementor-widget elementor-widget-text-editor\" data-id=\"4a77152\" data-element_type=\"widget\" data-widget_type=\"text-editor.default\">\n\t\t\t\t<div class=\"elementor-widget-container\">\n\t\t\t\t\t\t\t\t\t<ul><li>Kohmansalon Mets\u00e4kuljetus Oy is a family company founded by Paavo Hiltunen <br \/><br \/><\/li><li>\u00a0It all started with one man and a horse team way before the company was founded 1978<\/li><\/ul>\t\t\t\t\t\t\t\t<\/div>\n\t\t\t\t<\/div>\n\t\t\t\t<div class=\"elementor-element elementor-element-44fce9f elementor-widget elementor-widget-button\" data-id=\"44fce9f\" data-element_type=\"widget\" data-widget_type=\"button.default\">\n\t\t\t\t<div class=\"elementor-widget-container\">\n\t\t\t\t\t\t\t\t\t<div class=\"elementor-button-wrapper\">\n\t\t\t\t\t<a class=\"elementor-button elementor-button-link elementor-size-sm\" href=\"#tietoa\">\n\t\t\t\t\t\t<span class=\"elementor-button-content-wrapper\">\n\t\t\t\t\t\t\t\t\t<span class=\"elementor-button-text\">Read more<\/span>\n\t\t\t\t\t<\/span>\n\t\t\t\t\t<\/a>\n\t\t\t\t<\/div>\n\t\t\t\t\t\t\t\t<\/div>\n\t\t\t\t<\/div>\n\t\t\t\t\t<\/div>\n\t\t<\/div>\n\t\t\t\t<div class=\"elementor-column elementor-col-50 elementor-inner-column elementor-element elementor-element-210c3e3\" data-id=\"210c3e3\" data-element_type=\"column\" data-settings=\"{&quot;background_background&quot;:&quot;classic&quot;}\">\n\t\t\t<div class=\"elementor-widget-wrap elementor-element-populated\">\n\t\t\t\t\t\t<div class=\"elementor-element elementor-element-20fd829 elementor-widget elementor-widget-spacer\" data-id=\"20fd829\" data-element_type=\"widget\" data-widget_type=\"spacer.default\">\n\t\t\t\t<div class=\"elementor-widget-container\">\n\t\t\t\t\t\t\t<div class=\"elementor-spacer\">\n\t\t\t<div class=\"elementor-spacer-inner\"><\/div>\n\t\t<\/div>\n\t\t\t\t\t\t<\/div>\n\t\t\t\t<\/div>\n\t\t\t\t\t<\/div>\n\t\t<\/div>\n\t\t\t\t\t<\/div>\n\t\t<\/section>\n\t\t\t\t\t<\/div>\n\t\t<\/div>\n\t\t\t\t\t<\/div>\n\t\t<\/section>\n\t\t\t\t<section class=\"elementor-section elementor-top-section elementor-element elementor-element-27de23b elementor-section-content-middle elementor-section-height-min-height elementor-section-boxed elementor-section-height-default elementor-section-items-middle\" data-id=\"27de23b\" data-element_type=\"section\" data-settings=\"{&quot;background_background&quot;:&quot;classic&quot;}\">\n\t\t\t\t\t\t\t<div class=\"elementor-background-overlay\"><\/div>\n\t\t\t\t\t\t\t<div class=\"elementor-container elementor-column-gap-default\">\n\t\t\t\t\t<div class=\"elementor-column elementor-col-100 elementor-top-column elementor-element elementor-element-df14c16\" data-id=\"df14c16\" data-element_type=\"column\">\n\t\t\t<div class=\"elementor-widget-wrap elementor-element-populated\">\n\t\t\t\t\t\t<div class=\"elementor-element elementor-element-2aee909 elementor-widget elementor-widget-menu-anchor\" data-id=\"2aee909\" data-element_type=\"widget\" data-widget_type=\"menu-anchor.default\">\n\t\t\t\t<div class=\"elementor-widget-container\">\n\t\t\t\t\t\t\t<div class=\"elementor-menu-anchor\" id=\"tietoa\"><\/div>\n\t\t\t\t\t\t<\/div>\n\t\t\t\t<\/div>\n\t\t\t\t<div class=\"elementor-element elementor-element-929b2ed elementor-widget elementor-widget-heading\" data-id=\"929b2ed\" data-element_type=\"widget\" data-widget_type=\"heading.default\">\n\t\t\t\t<div class=\"elementor-widget-container\">\n\t\t\t\t\t<h2 class=\"elementor-heading-title elementor-size-large\">Info about the Company<\/h2>\t\t\t\t<\/div>\n\t\t\t\t<\/div>\n\t\t\t\t<div class=\"elementor-element elementor-element-e391d9f elementor-widget elementor-widget-text-editor\" data-id=\"e391d9f\" data-element_type=\"widget\" data-widget_type=\"text-editor.default\">\n\t\t\t\t<div class=\"elementor-widget-container\">\n\t\t\t\t\t\t\t\t\t<ul class=\"kmk-bullet\">\n<li>Harvesting begun 1957 by driving split billets for Hackman-company<\/li>\n<li>Harvesting was mechanized with a purchase of Valmet tractor<\/li>\n<li>The first forest machine was a Valmet CK Forest Tractor 1971. And 1981 the company bought its first harvester.<\/li>\n<li>Mechanizing has made it possible for the company to develop itself to a present-day company always utilizing the cutting-edge technology.<\/li>\n<li>P\u00e4\u00e4toimialamme on puunkorjuu. Palveluihimme kuuluvat lis\u00e4ksi energiapuun korjuu. Toiminnassamme pyrimme puunkorjuun laadun kehitt\u00e4miseen yhteisty\u00f6ss\u00e4 StoraEnson ja konevalmistajien kanssa.<\/li>\n<li>Puun arvoapteeraus oli 1990- luvulla merkitt\u00e4v\u00e4 kehitysprojekti. Projektilla on suuri merkitys viel\u00e4 t\u00e4m\u00e4nkin p\u00e4iv\u00e4n suomalaiselle mets\u00e4teollisuudelle sek\u00e4 mets\u00e4n omistajille.<\/li>\n<li>Our basic values include developing well-being at work and ecology<\/li>\n<li>Our work is guided by certificates such as PEFC and FSC<\/li>\n<li>We are one of Stora Enso\u2019s Main entrepreneurs in the eastern Finland<\/li>\n<li>The company is based in Lepp\u00e4virta. Lepp\u00e4virta is a municipality surrouded by beautiful lakes. It is vibrant municipality that appreciates entrepreneurship.<\/li>\n<\/ul>\t\t\t\t\t\t\t\t<\/div>\n\t\t\t\t<\/div>\n\t\t\t\t\t<\/div>\n\t\t<\/div>\n\t\t\t\t\t<\/div>\n\t\t<\/section>\n\t\t\t\t<section class=\"elementor-section elementor-top-section elementor-element elementor-element-e4c2dbb elementor-section-boxed elementor-section-height-default elementor-section-height-default\" data-id=\"e4c2dbb\" data-element_type=\"section\">\n\t\t\t\t\t\t<div class=\"elementor-container elementor-column-gap-default\">\n\t\t\t\t\t<div class=\"elementor-column elementor-col-100 elementor-top-column elementor-element elementor-element-9c85071\" data-id=\"9c85071\" data-element_type=\"column\">\n\t\t\t<div class=\"elementor-widget-wrap elementor-element-populated\">\n\t\t\t\t\t\t<div class=\"elementor-element elementor-element-76c66e1 elementor-widget elementor-widget-image-gallery\" data-id=\"76c66e1\" data-element_type=\"widget\" data-widget_type=\"image-gallery.default\">\n\t\t\t\t<div class=\"elementor-widget-container\">\n\t\t\t\t\t\t\t<div class=\"elementor-image-gallery\">\n\t\t\t<div id='gallery-1' class='gallery galleryid-23 gallery-columns-3 gallery-size-medium'><figure class='gallery-item'>\n\t\t\t<div class='gallery-icon portrait'>\n\t\t\t\t<a data-elementor-open-lightbox=\"yes\" data-elementor-lightbox-slideshow=\"76c66e1\" data-elementor-lightbox-title=\"IMG-20190322-WA0013\" data-e-action-hash=\"#elementor-action%3Aaction%3Dlightbox%26settings%3DeyJpZCI6MzAyLCJ1cmwiOiJodHRwczpcL1wva29obWFuc2Fsb25tZXRzYWt1bGpldHVzLmZpXC93cC1jb250ZW50XC91cGxvYWRzXC8yMDE5XC8wM1wvSU1HLTIwMTkwMzIyLVdBMDAxMy5qcGciLCJzbGlkZXNob3ciOiI3NmM2NmUxIn0%3D\" href='https:\/\/kohmansalonmetsakuljetus.fi\/wp-content\/uploads\/2019\/03\/IMG-20190322-WA0013.jpg'><img fetchpriority=\"high\" decoding=\"async\" width=\"225\" height=\"300\" src=\"https:\/\/kohmansalonmetsakuljetus.fi\/wp-content\/uploads\/2019\/03\/IMG-20190322-WA0013-225x300.jpg\" class=\"attachment-medium size-medium\" alt=\"\" srcset=\"https:\/\/kohmansalonmetsakuljetus.fi\/wp-content\/uploads\/2019\/03\/IMG-20190322-WA0013-225x300.jpg 225w, https:\/\/kohmansalonmetsakuljetus.fi\/wp-content\/uploads\/2019\/03\/IMG-20190322-WA0013-768x1024.jpg 768w, https:\/\/kohmansalonmetsakuljetus.fi\/wp-content\/uploads\/2019\/03\/IMG-20190322-WA0013-200x267.jpg 200w, https:\/\/kohmansalonmetsakuljetus.fi\/wp-content\/uploads\/2019\/03\/IMG-20190322-WA0013-400x533.jpg 400w, https:\/\/kohmansalonmetsakuljetus.fi\/wp-content\/uploads\/2019\/03\/IMG-20190322-WA0013-600x800.jpg 600w, https:\/\/kohmansalonmetsakuljetus.fi\/wp-content\/uploads\/2019\/03\/IMG-20190322-WA0013-800x1066.jpg 800w, https:\/\/kohmansalonmetsakuljetus.fi\/wp-content\/uploads\/2019\/03\/IMG-20190322-WA0013.jpg 1200w\" sizes=\"(max-width: 225px) 100vw, 225px\" \/><\/a>\n\t\t\t<\/div><\/figure><figure class='gallery-item'>\n\t\t\t<div class='gallery-icon landscape'>\n\t\t\t\t<a data-elementor-open-lightbox=\"yes\" data-elementor-lightbox-slideshow=\"76c66e1\" data-elementor-lightbox-title=\"IMG-20200317-WA0016\" data-e-action-hash=\"#elementor-action%3Aaction%3Dlightbox%26settings%3DeyJpZCI6NjM3LCJ1cmwiOiJodHRwczpcL1wva29obWFuc2Fsb25tZXRzYWt1bGpldHVzLmZpXC93cC1jb250ZW50XC91cGxvYWRzXC8yMDIwXC8wM1wvSU1HLTIwMjAwMzE3LVdBMDAxNi5qcGciLCJzbGlkZXNob3ciOiI3NmM2NmUxIn0%3D\" href='https:\/\/kohmansalonmetsakuljetus.fi\/wp-content\/uploads\/2020\/03\/IMG-20200317-WA0016.jpg'><img decoding=\"async\" width=\"300\" height=\"287\" src=\"https:\/\/kohmansalonmetsakuljetus.fi\/wp-content\/uploads\/2020\/03\/IMG-20200317-WA0016-300x287.jpg\" class=\"attachment-medium size-medium\" alt=\"\" srcset=\"https:\/\/kohmansalonmetsakuljetus.fi\/wp-content\/uploads\/2020\/03\/IMG-20200317-WA0016-300x287.jpg 300w, https:\/\/kohmansalonmetsakuljetus.fi\/wp-content\/uploads\/2020\/03\/IMG-20200317-WA0016-768x735.jpg 768w, https:\/\/kohmansalonmetsakuljetus.fi\/wp-content\/uploads\/2020\/03\/IMG-20200317-WA0016-1024x980.jpg 1024w, https:\/\/kohmansalonmetsakuljetus.fi\/wp-content\/uploads\/2020\/03\/IMG-20200317-WA0016.jpg 1600w\" sizes=\"(max-width: 300px) 100vw, 300px\" \/><\/a>\n\t\t\t<\/div><\/figure><figure class='gallery-item'>\n\t\t\t<div class='gallery-icon landscape'>\n\t\t\t\t<a data-elementor-open-lightbox=\"yes\" data-elementor-lightbox-slideshow=\"76c66e1\" data-elementor-lightbox-title=\"IMG-20190322-WA0011\" data-e-action-hash=\"#elementor-action%3Aaction%3Dlightbox%26settings%3DeyJpZCI6MzAwLCJ1cmwiOiJodHRwczpcL1wva29obWFuc2Fsb25tZXRzYWt1bGpldHVzLmZpXC93cC1jb250ZW50XC91cGxvYWRzXC8yMDE5XC8wM1wvSU1HLTIwMTkwMzIyLVdBMDAxMS5qcGciLCJzbGlkZXNob3ciOiI3NmM2NmUxIn0%3D\" href='https:\/\/kohmansalonmetsakuljetus.fi\/wp-content\/uploads\/2019\/03\/IMG-20190322-WA0011.jpg'><img decoding=\"async\" width=\"300\" height=\"225\" src=\"https:\/\/kohmansalonmetsakuljetus.fi\/wp-content\/uploads\/2019\/03\/IMG-20190322-WA0011-300x225.jpg\" class=\"attachment-medium size-medium\" alt=\"\" srcset=\"https:\/\/kohmansalonmetsakuljetus.fi\/wp-content\/uploads\/2019\/03\/IMG-20190322-WA0011-300x225.jpg 300w, https:\/\/kohmansalonmetsakuljetus.fi\/wp-content\/uploads\/2019\/03\/IMG-20190322-WA0011-768x576.jpg 768w, https:\/\/kohmansalonmetsakuljetus.fi\/wp-content\/uploads\/2019\/03\/IMG-20190322-WA0011-1024x768.jpg 1024w, https:\/\/kohmansalonmetsakuljetus.fi\/wp-content\/uploads\/2019\/03\/IMG-20190322-WA0011-200x150.jpg 200w, https:\/\/kohmansalonmetsakuljetus.fi\/wp-content\/uploads\/2019\/03\/IMG-20190322-WA0011-400x300.jpg 400w, https:\/\/kohmansalonmetsakuljetus.fi\/wp-content\/uploads\/2019\/03\/IMG-20190322-WA0011-600x450.jpg 600w, https:\/\/kohmansalonmetsakuljetus.fi\/wp-content\/uploads\/2019\/03\/IMG-20190322-WA0011-800x600.jpg 800w, https:\/\/kohmansalonmetsakuljetus.fi\/wp-content\/uploads\/2019\/03\/IMG-20190322-WA0011-1200x901.jpg 1200w, https:\/\/kohmansalonmetsakuljetus.fi\/wp-content\/uploads\/2019\/03\/IMG-20190322-WA0011.jpg 1599w\" sizes=\"(max-width: 300px) 100vw, 300px\" \/><\/a>\n\t\t\t<\/div><\/figure>\n\t\t<\/div>\n\t\t<\/div>\n\t\t\t\t\t\t<\/div>\n\t\t\t\t<\/div>\n\t\t\t\t\t<\/div>\n\t\t<\/div>\n\t\t\t\t\t<\/div>\n\t\t<\/section>\n\t\t\t\t<\/div>","protected":false},"excerpt":{"rendered":"<p>Tietoa yrityksest\u00e4 Kohmansalon Mets\u00e4kuljetus Oy on Paavo Hiltusen perustama perheyritys. \u00a0Yritys sai alkunsa yhden miehen ja hevosen ty\u00f6llist\u00e4neest\u00e4 toiminnasta jo ennen varsinaista yrityksen perustamisvuotta (1978). Lue lis\u00e4\u00e4 Tietoa yrityksest\u00e4 Mets\u00e4ty\u00f6t alkoivat vuonna 1957 halkojen ajolla Hackman-yhti\u00f6n palveluksessa. Mets\u00e4ty\u00f6 koneellistui Valmet -traktorin ansiosta vuonna 1967. Ensimm\u00e4inen mets\u00e4kone oli vuonna 1971 hankittu Valmet CK kuormatraktori. Vuonna 1981 &#8230; <a title=\"Yritys\" class=\"read-more\" href=\"https:\/\/kohmansalonmetsakuljetus.fi\/en\/yritys\/\" aria-label=\"Read more about Yritys\">Read more<\/a><\/p>","protected":false},"author":1,"featured_media":0,"parent":0,"menu_order":0,"comment_status":"closed","ping_status":"closed","template":"elementor_header_footer","meta":{"footnotes":""},"_links":{"self":[{"href":"https:\/\/kohmansalonmetsakuljetus.fi\/en\/wp-json\/wp\/v2\/pages\/23"}],"collection":[{"href":"https:\/\/kohmansalonmetsakuljetus.fi\/en\/wp-json\/wp\/v2\/pages"}],"about":[{"href":"https:\/\/kohmansalonmetsakuljetus.fi\/en\/wp-json\/wp\/v2\/types\/page"}],"author":[{"embeddable":true,"href":"https:\/\/kohmansalonmetsakuljetus.fi\/en\/wp-json\/wp\/v2\/users\/1"}],"replies":[{"embeddable":true,"href":"https:\/\/kohmansalonmetsakuljetus.fi\/en\/wp-json\/wp\/v2\/comments?post=23"}],"version-history":[{"count":73,"href":"https:\/\/kohmansalonmetsakuljetus.fi\/en\/wp-json\/wp\/v2\/pages\/23\/revisions"}],"predecessor-version":[{"id":841,"href":"https:\/\/kohmansalonmetsakuljetus.fi\/en\/wp-json\/wp\/v2\/pages\/23\/revisions\/841"}],"wp:attachment":[{"href":"https:\/\/kohmansalonmetsakuljetus.fi\/en\/wp-json\/wp\/v2\/media?parent=23"}],"curies":[{"name":"wp","href":"https:\/\/api.w.org\/{rel}","templated":true}]}}